{"id":670,"date":"2025-07-29T09:50:08","date_gmt":"2025-07-29T07:50:08","guid":{"rendered":"https:\/\/fahrdienst-sage.jm-webwerkstatt.de\/?page_id=670"},"modified":"2025-07-30T22:20:02","modified_gmt":"2025-07-30T20:20:02","slug":"impressum","status":"publish","type":"page","link":"https:\/\/fahrdienst-sage.de\/en\/impressum\/","title":{"rendered":"Legal notice"},"content":{"rendered":"<div data-elementor-type=\"wp-page\" data-elementor-id=\"670\" class=\"elementor elementor-670\" data-elementor-post-type=\"page\">\n\t\t\t\t\t\t<section class=\"elementor-section elementor-top-section elementor-element elementor-element-1905441 elementor-section-boxed elementor-section-height-default elementor-section-height-default\" data-id=\"1905441\" data-element_type=\"section\" data-e-type=\"section\" data-settings=\"{&quot;background_background&quot;:&quot;classic&quot;}\">\n\t\t\t\t\t\t<div class=\"elementor-container elementor-column-gap-default\">\n\t\t\t\t\t<div class=\"elementor-column elementor-col-100 elementor-top-column elementor-element elementor-element-fd988bf\" data-id=\"fd988bf\" data-element_type=\"column\" data-e-type=\"column\" data-settings=\"{&quot;background_background&quot;:&quot;classic&quot;}\">\n\t\t\t<div class=\"elementor-widget-wrap elementor-element-populated\">\n\t\t\t\t\t\t<div class=\"elementor-element elementor-element-d37e886 elementor-widget elementor-widget-text-editor\" data-id=\"d37e886\" data-element_type=\"widget\" data-e-type=\"widget\" data-widget_type=\"text-editor.default\">\n\t\t\t\t\t\t\t\t\t<div id=\"pg-34-0\" class=\"panel-grid panel-no-style\">\n<div id=\"pgc-34-0-0\" class=\"panel-grid-cell\">\n<div id=\"panel-34-0-0-0\" class=\"so-panel widget widget_black-studio-tinymce widget_black_studio_tinymce panel-first-child panel-last-child\" data-index=\"0\">\n<div class=\"textwidget\">\n<h2>Legal notice<\/h2>\n<\/div>\n<\/div>\n<\/div>\n<\/div>\n<div id=\"pg-34-1\" class=\"panel-grid panel-has-style\">\n<div class=\"impressum panel-row-style panel-row-style-for-34-1\">\n<div id=\"pgc-34-1-0\" class=\"panel-grid-cell\">\n<div id=\"panel-34-1-0-0\" class=\"so-panel widget widget_black-studio-tinymce widget_black_studio_tinymce panel-first-child panel-last-child\" data-index=\"1\">\n<div class=\"textwidget\">\n<div class=\"imp-parent\">\n<table class=\"imp\">\n<tbody>\n<tr>\n<th>Name<\/th>\n<td>Fahrdienst Sage<\/td>\n<\/tr>\n<tr>\n<th>Gesch\u00e4ftsstellen<\/th>\n<td>Zehlendorfer Damm 45,\u00a014532 Kleinmachnow<\/td>\n<\/tr>\n<tr>\n<th>Telephone<\/th>\n<td>+49 30 53023828<\/td>\n<\/tr>\n\n<tr>\n<th>Email<\/th>\n<td><a href=\"mailto:fds.teltow@gmail.com\">fds.teltow@gmail.com<\/a><\/td>\n<\/tr>\n<tr>\n<th>Inhaber<\/th>\n<td>Holger Sage<\/td>\n<\/tr>\n<tr>\n<th>Verantwortliche(r) f\u00fcr Inhalt<\/th>\n<td>Holger Sage<\/td>\n<\/tr>\n<tr>\n<th>USt-IdNr.<\/th>\n<td>DE 269903385<\/td>\n<\/tr>\n<tr>\n<th><\/th>\n<td>Genehmigung nach \u00a7 49 PBefG mit Mietwagen f\u00fcr die gewerbliche Personenbef\u00f6rderung\nZust\u00e4ndige Genehmigungsbeh\u00f6rde:\nStra\u00dfenverkehrsamt Potsdam \u2013 Mittelmark\nFachbereich Sicherheit, Ordnung und Verkehr\nFachdienst: Verkehrsmanagement\nAm Gutshof 1\nD-14542 Werder\/Havel<\/td>\n<\/tr>\n<\/tbody>\n<\/table>\n<\/div>\n<\/div>\n<\/div>\n<\/div>\n<\/div>\n<\/div>\t\t\t\t\t\t\t\t<\/div>\n\t\t\t\t\t<\/div>\n\t\t<\/div>\n\t\t\t\t\t<\/div>\n\t\t<\/section>\n\t\t\t\t<\/div>","protected":false},"excerpt":{"rendered":"<p>Impressum Name Fahrdienst Sage Gesch\u00e4ftsstellen Zehlendorfer Damm 45,\u00a014532 Kleinmachnow Telefon +49 30 53023828 E-Mail fds.teltow@gmail.com Inhaber Holger Sage Verantwortliche(r) f\u00fcr Inhalt Holger Sage USt-IdNr. DE 269903385 Genehmigung nach \u00a7 49 PBefG mit Mietwagen f\u00fcr die gewerbliche Personenbef\u00f6rderung Zust\u00e4ndige Genehmigungsbeh\u00f6rde: Stra\u00dfenverkehrsamt Potsdam \u2013 Mittelmark Fachbereich Sicherheit, Ordnung und Verkehr Fachdienst: Verkehrsmanagement Am Gutshof 1 D-14542 Werder\/Havel<\/p>","protected":false},"author":1,"featured_media":0,"parent":0,"menu_order":0,"comment_status":"closed","ping_status":"closed","template":"elementor_header_footer","meta":{"footnotes":""},"class_list":["post-670","page","type-page","status-publish","hentry"],"_links":{"self":[{"href":"https:\/\/fahrdienst-sage.de\/en\/wp-json\/wp\/v2\/pages\/670","targetHints":{"allow":["GET"]}}],"collection":[{"href":"https:\/\/fahrdienst-sage.de\/en\/wp-json\/wp\/v2\/pages"}],"about":[{"href":"https:\/\/fahrdienst-sage.de\/en\/wp-json\/wp\/v2\/types\/page"}],"author":[{"embeddable":true,"href":"https:\/\/fahrdienst-sage.de\/en\/wp-json\/wp\/v2\/users\/1"}],"replies":[{"embeddable":true,"href":"https:\/\/fahrdienst-sage.de\/en\/wp-json\/wp\/v2\/comments?post=670"}],"version-history":[{"count":7,"href":"https:\/\/fahrdienst-sage.de\/en\/wp-json\/wp\/v2\/pages\/670\/revisions"}],"predecessor-version":[{"id":719,"href":"https:\/\/fahrdienst-sage.de\/en\/wp-json\/wp\/v2\/pages\/670\/revisions\/719"}],"wp:attachment":[{"href":"https:\/\/fahrdienst-sage.de\/en\/wp-json\/wp\/v2\/media?parent=670"}],"curies":[{"name":"wp","href":"https:\/\/api.w.org\/{rel}","templated":true}]}}