{"id":467,"date":"2025-07-28T09:42:31","date_gmt":"2025-07-28T07:42:31","guid":{"rendered":"https:\/\/fahrdienst-sage.jm-webwerkstatt.de\/?page_id=467"},"modified":"2025-09-12T09:48:44","modified_gmt":"2025-09-12T07:48:44","slug":"kontakt-und-buchung-premium-fahrdienst-fuer-berlin-und-brandenburg","status":"publish","type":"page","link":"https:\/\/fahrdienst-sage.de\/en\/kontakt-und-buchung-premium-fahrdienst-fuer-berlin-und-brandenburg\/","title":{"rendered":"Contact and Booking"},"content":{"rendered":"\t\t<div data-elementor-type=\"wp-post\" data-elementor-id=\"467\" class=\"elementor elementor-467\" data-elementor-post-type=\"page\">\n\t\t\t\t<div class=\"elementor-element elementor-element-f343ece e-flex e-con-boxed e-con e-parent\" data-id=\"f343ece\" data-element_type=\"container\" data-e-type=\"container\" data-settings=\"{&quot;background_background&quot;:&quot;classic&quot;}\">\n\t\t\t\t\t<div class=\"e-con-inner\">\n\t\t\t\t<div class=\"elementor-element elementor-element-c78a3d6 elementor-widget elementor-widget-text-editor\" data-id=\"c78a3d6\" data-element_type=\"widget\" data-e-type=\"widget\" data-widget_type=\"text-editor.default\">\n\t\t\t\t\t\t\t\t\t<h1 style=\"text-align: center;\">Ihr Premium Fahrdienst f\u00fcr Berlin und Brandenburg<\/h1><h2 style=\"text-align: center;\">Erhalten Sie ein unverbindliches Angebot von uns<\/h2><p>\n<div class=\"wpcf7 no-js\" id=\"wpcf7-f335-o1\" lang=\"de-DE\" dir=\"ltr\" data-wpcf7-id=\"335\">\n<div class=\"screen-reader-response\"><p role=\"status\" aria-live=\"polite\" aria-atomic=\"true\"><\/p> <ul><\/ul><\/div>\n<form action=\"\/en\/wp-json\/wp\/v2\/pages\/467#wpcf7-f335-o1\" method=\"post\" class=\"wpcf7-form init\" aria-label=\"Kontaktformular\" novalidate=\"novalidate\" data-status=\"init\">\n<fieldset class=\"hidden-fields-container\"><input type=\"hidden\" name=\"_wpcf7\" value=\"335\" \/><input type=\"hidden\" name=\"_wpcf7_version\" value=\"6.1.5\" \/><input type=\"hidden\" name=\"_wpcf7_locale\" value=\"de_DE\" \/><input type=\"hidden\" name=\"_wpcf7_unit_tag\" value=\"wpcf7-f335-o1\" \/><input type=\"hidden\" name=\"_wpcf7_container_post\" value=\"0\" \/><input type=\"hidden\" name=\"_wpcf7_posted_data_hash\" value=\"\" \/><input type=\"hidden\" name=\"_wpcf7cf_hidden_group_fields\" value=\"[]\" \/><input type=\"hidden\" name=\"_wpcf7cf_hidden_groups\" value=\"[]\" \/><input type=\"hidden\" name=\"_wpcf7cf_visible_groups\" value=\"[]\" \/><input type=\"hidden\" name=\"_wpcf7cf_repeaters\" value=\"[]\" \/><input type=\"hidden\" name=\"_wpcf7cf_steps\" value=\"{}\" \/><input type=\"hidden\" name=\"_wpcf7cf_options\" value=\"{&quot;form_id&quot;:335,&quot;conditions&quot;:[],&quot;settings&quot;:{&quot;animation&quot;:&quot;yes&quot;,&quot;animation_intime&quot;:200,&quot;animation_outtime&quot;:200,&quot;conditions_ui&quot;:&quot;normal&quot;,&quot;notice_dismissed&quot;:false,&quot;repeater_remove_button&quot;:&quot;bottom&quot;}}\" \/><input type=\"hidden\" name=\"_uacf7_hidden_conditional_fields\" value=\"\" \/>\n<\/fieldset>\n\t\t\t\t<style>\n\t\t\t\t\t.uacf7-uacf7style-335 label {\n\t\t\t\t\t\tcolor: #000000;font-size: 16px;font-style: normal;font-weight: normal;padding-top: 6px;padding-bottom: 4px;margin-top: 4px;margin-bottom: 4px;\t\t\t\t\t}\n\n\t\t\t\t\t.uacf7-uacf7style-335 input[type=\"email\"],\n\t\t\t\t\t.uacf7-uacf7style-335 input[type=\"number\"],\n\t\t\t\t\t.uacf7-uacf7style-335 input[type=\"password\"],\n\t\t\t\t\t.uacf7-uacf7style-335 input[type=\"search\"],\n\t\t\t\t\t.uacf7-uacf7style-335 input[type=\"tel\"],\n\t\t\t\t\t.uacf7-uacf7style-335 input[type=\"text\"],\n\t\t\t\t\t.uacf7-uacf7style-335 input[type=\"url\"],\n\t\t\t\t\t.uacf7-uacf7style-335 input[type=\"date\"],\n\t\t\t\t\t.uacf7-uacf7style-335 input[type=\"radio\"],\n\t\t\t\t\t.uacf7-uacf7style-335 input[type=\"checkbox\"],\n\t\t\t\t\t.uacf7-uacf7style-335 select,\n\t\t\t\t\t.uacf7-uacf7style-335 textarea {\n\t\t\t\t\t\tcolor: #0a0a0a;font-size: 16px;font-style: normal;font-weight: normal;border-style: solid!important;\t\t\t\t\t}\n\n\t\t\t\t\t.uacf7-uacf7style-335 .wpcf7-radio span,\n\t\t\t\t\t.uacf7-uacf7style-335 .wpcf7-checkbox span {\n\t\t\t\t\t\tcolor: #0a0a0a;font-size: 16px;font-style: normal;font-weight: normal;\t\t\t\t\t}\n\n\t\t\t\t\t.uacf7-uacf7style-335 textarea {\n\t\t\t\t\t\t\t\t\t\t\t}\n\n\t\t\t\t\t.wpcf7-form-control-wrap select {\n\t\t\t\t\t\twidth: 100%;\n\t\t\t\t\t}\n\n\t\t\t\t\t.uacf7-uacf7style-335 input[type=\"submit\"] {\n\t\t\t\t\t\tcolor: #ffffff;background-color: #024172;font-style: normal;font-weight: normal;border-color: #f4f4f4;border-style: none;border-radius: 10px;padding-top: 12px;padding-right: 16px;padding-bottom: 12px;padding-left: 16px;\t\t\t\t\t}\n\n\t\t\t\t\t.uacf7-uacf7style-335 input[type=\"submit\"]:hover {\n\t\t\t\t\t\tbackground-color: #024172;border-color: #3d3d3d;\t\t\t\t\t}\n\n\t\t\t\t\t\/* abstand Labels oben unten *\/\r\n\r\n.uacf7-col-12 label, .uacf7-col-6 label, \r\n.uacf7-col-3 label, .uacf7-col-4 label, \r\n.uacf7-col-12 .wpcf7-form-control, .uacf7-col-6 \r\n.wpcf7-form-control, .uacf7-col-3 .wpcf7-form-control, \r\n.uacf7-col-4 .wpcf7-form-control, .wpcf7-form label {\r\n    width: 100% !important;\r\n    display: block;\r\n    margin: 8px 0 0 0;\r\n}\r\n\r\n\/* Farbe der Best\u00e4tigung nach dem Absenden *\/\r\n.wpcf7 form .wpcf7-response-output {\r\n    margin: 2em 0.5em 1em;\r\n    padding: 0.2em 1em;\r\n    border: 2px solid green;\r\n    color: green!important;\r\n}\r\n\r\n\r\n\r\n\r\n\r\n\r\n\t\t\t\t<\/style>\n\n\t\t\t\t<div class=\"uacf7-uacf7style uacf7-uacf7style-335\"><div class=\"uacf7-form-wrapper-container uacf7-form-335  uacf7-uacf7style uacf7-uacf7style-335\"><style>\n  .pflicht {\n    color: red;\n    font-weight: bold;\n    margin-left: 4px;\n  }\n<\/style>\n\n\n<p><hr><\/p>\n<strong>Ihre Abholadresse <span style=\"color: #ff0000;\">*<\/span> <\/strong><br>\n\n<span class=\"wpcf7-form-control-wrap\" data-name=\"Abholadresse\"><span class=\"wpcf7-form-control wpcf7-radio\" id=\"Abholadresse\"><span class=\"wpcf7-list-item first\"><label><input type=\"radio\" name=\"Abholadresse\" value=\"BER Flughafen Berlin Brandenburg\" \/><span class=\"wpcf7-list-item-label\">BER Flughafen Berlin Brandenburg<\/span><\/label><\/span><span class=\"wpcf7-list-item\"><label><input type=\"radio\" name=\"Abholadresse\" value=\"Hauptbahnhof\" \/><span class=\"wpcf7-list-item-label\">Hauptbahnhof<\/span><\/label><\/span><span class=\"wpcf7-list-item last\"><label><input type=\"radio\" name=\"Abholadresse\" value=\"Andere Abholadresse\" \/><span class=\"wpcf7-list-item-label\">Andere Abholadresse<\/span><\/label><\/span><\/span><\/span>\n\n<div class=\"uacf7_conditional conditional-flugnummer\">\n<strong>Bitte tragen Sie Ihre Flugnummer ein wenn vorhanden<\/strong><\/br>\n<Label> <span class=\"wpcf7-form-control-wrap\" data-name=\"flugnummer\"><input size=\"40\" maxlength=\"400\" class=\"wpcf7-form-control wpcf7-text\" aria-invalid=\"false\" placeholder=\"Flugnumer\/Flight number\" value=\"\" type=\"text\" name=\"flugnummer\" \/><\/span><Label>\n<\/div>\n\n<div class=\"uacf7_conditional abholen\">\n<strong>Bitte Abholadresse eintragen <span style=\"color: red;\">*<\/span><\/strong><\/br>\n<div class=\"uacf7-row\"><div class=\"uacf7-col-4\"> <Label> Stra\u00dfe\/Nr. <span class=\"wpcf7-form-control-wrap\" data-name=\"ankunftStrasse-Nr\"><input size=\"40\" maxlength=\"400\" class=\"wpcf7-form-control wpcf7-text wpcf7-validates-as-required\" aria-required=\"true\" aria-invalid=\"false\" value=\"\" type=\"text\" name=\"ankunftStrasse-Nr\" \/><\/span><\/Label> \n<\/div><div class=\"uacf7-col-4\"> <Label> PLZ <span class=\"wpcf7-form-control-wrap\" data-name=\"ankunktPLZ\"><input size=\"40\" maxlength=\"400\" class=\"wpcf7-form-control wpcf7-text wpcf7-validates-as-required\" aria-required=\"true\" aria-invalid=\"false\" value=\"\" type=\"text\" name=\"ankunktPLZ\" \/><\/span><\/label>  \n<\/div><div class=\"uacf7-col-4\"> <Label> Ort <span class=\"wpcf7-form-control-wrap\" data-name=\"ankunftOrt\"><input size=\"40\" maxlength=\"400\" class=\"wpcf7-form-control wpcf7-text wpcf7-validates-as-required\" aria-required=\"true\" aria-invalid=\"false\" value=\"\" type=\"text\" name=\"ankunftOrt\" \/><\/span><\/Label>   \n<\/div><\/div>\n<\/div>\n\n<p><hr><\/p>\n<strong>Ihre Zieladresse<\/strong> <span style=\"color: #ff0000;\">*<\/span><br>\n\n<span class=\"wpcf7-form-control-wrap\" data-name=\"zieladresse\"><span class=\"wpcf7-form-control wpcf7-radio\" id=\"zieladresse\"><span class=\"wpcf7-list-item first\"><label><input type=\"radio\" name=\"zieladresse\" value=\"BER Flughafen Berlin Brandenburg\" \/><span class=\"wpcf7-list-item-label\">BER Flughafen Berlin Brandenburg<\/span><\/label><\/span><span class=\"wpcf7-list-item\"><label><input type=\"radio\" name=\"zieladresse\" value=\"Hauptbahnhof\" \/><span class=\"wpcf7-list-item-label\">Hauptbahnhof<\/span><\/label><\/span><span class=\"wpcf7-list-item last\"><label><input type=\"radio\" name=\"zieladresse\" value=\"Andere Zieladresse\" \/><span class=\"wpcf7-list-item-label\">Andere Zieladresse<\/span><\/label><\/span><\/span><\/span>\n\n<div class=\"uacf7_conditional ziel\">\n<strong>Bitte Zieladresse eintragen<\/strong> <span style=\"color: red;\">*<\/span><\/br>\n<div class=\"uacf7-row\"><div class=\"uacf7-col-4\"> <Label> Stra\u00dfe\/Nr. <span class=\"wpcf7-form-control-wrap\" data-name=\"zielStrasse-Nr\"><input size=\"40\" maxlength=\"400\" class=\"wpcf7-form-control wpcf7-text wpcf7-validates-as-required\" aria-required=\"true\" aria-invalid=\"false\" value=\"\" type=\"text\" name=\"zielStrasse-Nr\" \/><\/span><\/Label> \n<\/div><div class=\"uacf7-col-4\"> <Label> PLZ <span class=\"wpcf7-form-control-wrap\" data-name=\"zielPLZ\"><input size=\"40\" maxlength=\"400\" class=\"wpcf7-form-control wpcf7-text wpcf7-validates-as-required\" aria-required=\"true\" aria-invalid=\"false\" value=\"\" type=\"text\" name=\"zielPLZ\" \/><\/span><\/label> \n<\/div><div class=\"uacf7-col-4\"> <Label> Ort <span class=\"wpcf7-form-control-wrap\" data-name=\"zielOrt\"><input size=\"40\" maxlength=\"400\" class=\"wpcf7-form-control wpcf7-text wpcf7-validates-as-required\" aria-required=\"true\" aria-invalid=\"false\" value=\"\" type=\"text\" name=\"zielOrt\" \/><\/span><\/Label>   \n<\/div><\/div>\n<\/div>\n\n<p><hr><\/p>\n<strong>Ihre Daten<\/strong><br>\n\n<div class=\"uacf7-row\">\n<div class=\"uacf7-col-6\"> <Label> Vorname <span class=\"wpcf7-form-control-wrap\" data-name=\"Vorname\"><input size=\"40\" maxlength=\"400\" class=\"wpcf7-form-control wpcf7-text\" aria-invalid=\"false\" value=\"\" type=\"text\" name=\"Vorname\" \/><\/span> <\/label>  <\/div>\n<div class=\"uacf7-col-6\"> <Label> Name<span class=\"pflicht\">* <span class=\"wpcf7-form-control-wrap\" data-name=\"Name\"><input size=\"40\" maxlength=\"400\" class=\"wpcf7-form-control wpcf7-text wpcf7-validates-as-required\" aria-required=\"true\" aria-invalid=\"false\" value=\"\" type=\"text\" name=\"Name\" \/><\/span> <\/label> <\/div>\n<\/div>\n\n<div class=\"uacf7-row\">\n<div class=\"uacf7-col-6\"> <Label> E-Mail <span class=\"pflicht\">* <span class=\"wpcf7-form-control-wrap\" data-name=\"E-Mail\"><input size=\"40\" maxlength=\"400\" class=\"wpcf7-form-control wpcf7-email wpcf7-validates-as-required wpcf7-text wpcf7-validates-as-email\" aria-required=\"true\" aria-invalid=\"false\" value=\"\" type=\"email\" name=\"E-Mail\" \/><\/span><\/label>  <\/div>\n<div class=\"uacf7-col-6\"> <Label> Telefon <span class=\"wpcf7-form-control-wrap\" data-name=\"Telefon\"><input size=\"40\" maxlength=\"400\" class=\"wpcf7-form-control wpcf7-tel wpcf7-text wpcf7-validates-as-tel\" aria-invalid=\"false\" value=\"\" type=\"tel\" name=\"Telefon\" \/><\/span> <\/label>  <\/div>\n<\/div>\n\n\n\n\n<div class=\"uacf7-row\">\n<div class=\"uacf7-col-4\"> <Label> Datum <span class=\"pflicht\">* <span class=\"wpcf7-form-control-wrap\" data-name=\"date\"><input size=\"40\" maxlength=\"400\" class=\"wpcf7-form-control wpcf7-text wpcf7-validates-as-required walcf7-datepicker\" aria-required=\"true\" aria-invalid=\"false\" value=\"\" type=\"text\" name=\"date\" \/><\/span> <\/label> <\/div>\n<div class=\"uacf7-col-4\"> <Label> Uhrzeit <span class=\"pflicht\">* <span class=\"wpcf7-form-control-wrap\" data-name=\"zeit\"><input size=\"40\" maxlength=\"400\" class=\"wpcf7-form-control wpcf7-text wpcf7-validates-as-required zeit\" aria-required=\"true\" aria-invalid=\"false\" placeholder=\"hh:mm\" value=\"\" type=\"text\" name=\"zeit\" \/><\/span> <\/label> <\/div>\n<div class=\"uacf7-col-4\"> <Label> Flug-\/Zugnr. <span class=\"wpcf7-form-control-wrap\" data-name=\"zug-flug-nr\"><input size=\"40\" maxlength=\"400\" class=\"wpcf7-form-control wpcf7-text\" aria-invalid=\"false\" value=\"\" type=\"text\" name=\"zug-flug-nr\" \/><\/span> <\/label> <\/div>\n<\/div>\n\n<div class=\"uacf7-row\">\n<div class=\"uacf7-col-6\"> <Label> Fahrg\u00e4ste <span class=\"pflicht\">* <span class=\"wpcf7-form-control-wrap\" data-name=\"Fahrgaeste\"><input class=\"wpcf7-form-control wpcf7-number wpcf7-validates-as-required wpcf7-validates-as-number\" aria-required=\"true\" aria-invalid=\"false\" value=\"\" type=\"number\" name=\"Fahrgaeste\" \/><\/span><\/label>  <\/div>\n<div class=\"uacf7-col-6\"> <Label> davon Kinder <span class=\"wpcf7-form-control-wrap\" data-name=\"kinder\"><input class=\"wpcf7-form-control wpcf7-number wpcf7-validates-as-number\" aria-invalid=\"false\" value=\"\" type=\"number\" name=\"kinder\" \/><\/span> <\/label>  <\/div>\n<\/div>\n\n<Label> Kommentar \/ W\u00fcnsche<\/Label><span class=\"wpcf7-form-control-wrap\" data-name=\"KommentarWnsche\"><textarea cols=\"40\" rows=\"10\" maxlength=\"2000\" class=\"wpcf7-form-control wpcf7-textarea\" aria-invalid=\"false\" name=\"KommentarWnsche\"><\/textarea><\/span> \n<p>\n<\/p>\nErlaubnis f\u00fcr Datenspeicherung <span class=\"pflicht\">*\n<span class=\"wpcf7-form-control-wrap\" data-name=\"speicherung\"><span class=\"wpcf7-form-control wpcf7-acceptance\"><span class=\"wpcf7-list-item\"><label><input type=\"checkbox\" name=\"speicherung\" value=\"1\" id=\"datenschutzzustimmung\" aria-invalid=\"false\" \/><span class=\"wpcf7-list-item-label\">Mit dem Absenden des Kontaktformulars erkl\u00e4ren Sie sich damit einverstanden, dass Ihre Daten zur Bearbeitung Ihres Anliegens verwendet werden. Die Daten\u00fcbertragung erfolgt \u00fcber eine verschl\u00fcsselte Verbindung. Weitere Informationen und Widerrufshinweise finden Sie in der <a href=\"https:\/\/taxiberde.jm-sandkasten.de\/datenschutzerklaerung\/\" target=\"_blank\" rel=\"noopener\">Datenschutzerkl\u00e4rung<\/a>.<\/span><\/label><\/span><\/span><\/span>\n<p><div class=\"wpcf7-response-output\" aria-hidden=\"true\"><\/div>\n<\/p>\n<p>\n<input class=\"wpcf7-form-control wpcf7-submit has-spinner\" type=\"submit\" value=\"Senden\" \/>\n<\/p><\/div><\/div>\n<\/form>\n<\/div>\n<\/p>\t\t\t\t\t\t\t\t<\/div>\n\t\t\t\t\t<\/div>\n\t\t\t\t<\/div>\n\t\t\t\t<\/div>\n\t\t","protected":false},"excerpt":{"rendered":"<p>Ihr Premium Fahrdienst f\u00fcr Berlin und Brandenburg Erhalten Sie ein unverbindliches Angebot von uns<\/p>","protected":false},"author":1,"featured_media":0,"parent":0,"menu_order":0,"comment_status":"closed","ping_status":"closed","template":"elementor_header_footer","meta":{"footnotes":""},"class_list":["post-467","page","type-page","status-publish","hentry"],"_links":{"self":[{"href":"https:\/\/fahrdienst-sage.de\/en\/wp-json\/wp\/v2\/pages\/467","targetHints":{"allow":["GET"]}}],"collection":[{"href":"https:\/\/fahrdienst-sage.de\/en\/wp-json\/wp\/v2\/pages"}],"about":[{"href":"https:\/\/fahrdienst-sage.de\/en\/wp-json\/wp\/v2\/types\/page"}],"author":[{"embeddable":true,"href":"https:\/\/fahrdienst-sage.de\/en\/wp-json\/wp\/v2\/users\/1"}],"replies":[{"embeddable":true,"href":"https:\/\/fahrdienst-sage.de\/en\/wp-json\/wp\/v2\/comments?post=467"}],"version-history":[{"count":16,"href":"https:\/\/fahrdienst-sage.de\/en\/wp-json\/wp\/v2\/pages\/467\/revisions"}],"predecessor-version":[{"id":765,"href":"https:\/\/fahrdienst-sage.de\/en\/wp-json\/wp\/v2\/pages\/467\/revisions\/765"}],"wp:attachment":[{"href":"https:\/\/fahrdienst-sage.de\/en\/wp-json\/wp\/v2\/media?parent=467"}],"curies":[{"name":"wp","href":"https:\/\/api.w.org\/{rel}","templated":true}]}}